{"id":23520,"date":"2025-10-07T10:59:05","date_gmt":"2025-10-07T08:59:05","guid":{"rendered":"https:\/\/cotacreativa.nivelzeta.com\/politica-de-privacidad\/"},"modified":"2026-01-27T12:21:37","modified_gmt":"2026-01-27T11:21:37","slug":"politica-de-privacidad","status":"publish","type":"page","link":"https:\/\/cotacreativa.nivelzeta.com\/ca\/politica-de-privacidad\/","title":{"rendered":"Pol\u00edtica de privacitat"},"content":{"rendered":"\t\t<div data-elementor-type=\"wp-page\" data-elementor-id=\"23520\" class=\"elementor elementor-23520 elementor-15575\" data-elementor-post-type=\"page\">\n\t\t\t\t<div class=\"elementor-element elementor-element-5d8d79e e-flex e-con-boxed e-con e-parent\" data-id=\"5d8d79e\" data-element_type=\"container\" data-settings=\"{&quot;background_background&quot;:&quot;classic&quot;}\">\n\t\t\t\t\t<div class=\"e-con-inner\">\n\t\t\t\t<div class=\"elementor-element elementor-element-7fb3ac3 elementor-widget elementor-widget-heading\" data-id=\"7fb3ac3\" data-element_type=\"widget\" data-widget_type=\"heading.default\">\n\t\t\t\t<div class=\"elementor-widget-container\">\n\t\t\t\t\t<h3 class=\"elementor-heading-title elementor-size-default\">Pol\u00edtica de privacitat<\/h3>\t\t\t\t<\/div>\n\t\t\t\t<\/div>\n\t\t\t\t\t<\/div>\n\t\t\t\t<\/div>\n\t\t<div class=\"elementor-element elementor-element-edad1c0 e-flex e-con-boxed e-con e-parent\" data-id=\"edad1c0\" data-element_type=\"container\">\n\t\t\t\t\t<div class=\"e-con-inner\">\n\t\t\t\t<div class=\"elementor-element elementor-element-b88a3a4 elementor-widget elementor-widget-text-editor\" data-id=\"b88a3a4\" data-element_type=\"widget\" data-widget_type=\"text-editor.default\">\n\t\t\t\t<div class=\"elementor-widget-container\">\n\t\t\t\t\t\t\t\t\t<p><b>Responsable del tractament<\/b><\/p><p><span style=\"font-weight: 400;\">ESTANDS I MONTATGES EFIMERS S.L<\/span><span style=\"font-weight: 400;\"><br \/><\/span><span style=\"font-weight: 400;\">CIF: B06814131<\/span><span style=\"font-weight: 400;\"><br \/><\/span><span style=\"font-weight: 400;\">Domicili: Carrer Mart\u00ed l\u2019Hum\u00e0 4-6-8, Local 7-B, 08850 Gav\u00e0 (Barcelona)<\/span><span style=\"font-weight: 400;\"><br \/><\/span><span style=\"font-weight: 400;\">Correu electr\u00f2nic: <\/span><a href=\"mailto:informacion@cotacreativa.com\"><span style=\"font-weight: 400;\">informacion@cotacreativa.com<\/span><\/a><\/p><p>\u00a0<\/p><p><b>Dades personals tractades<\/b><\/p><p><span style=\"font-weight: 400;\">Les categories de dades que poden ser tractades s\u00f3n:<\/span><\/p><ul><li><span style=\"font-weight: 400;\"> Dades identificatives (nom i cognoms)<\/span><span style=\"font-weight: 400;\"><br \/><\/span><span style=\"font-weight: 400;\">\u2022 Dades de contacte (tel\u00e8fon, adre\u00e7a postal i correu electr\u00f2nic)<\/span><span style=\"font-weight: 400;\"><br \/><\/span><span style=\"font-weight: 400;\">\u2022 Dades de navegaci\u00f3 (adre\u00e7a IP, informaci\u00f3 derivada de l\u2019\u00fas de cookies)<\/span><span style=\"font-weight: 400;\"><br \/><\/span><span style=\"font-weight: 400;\">\u2022 Altres dades facilitades volunt\u00e0riament per l\u2019usuari mitjan\u00e7ant formularis o comunicacions<\/span><\/li><\/ul><p>\u00a0<\/p><p><b>Finalitats del tractament<\/b><\/p><ul><li><span style=\"font-weight: 400;\"> Atendre consultes i sol\u00b7licituds d\u2019informaci\u00f3<\/span><span style=\"font-weight: 400;\"><br \/><\/span><span style=\"font-weight: 400;\">\u2022 Gestionar pressupostos, relacions precontractuals i contractuals<\/span><span style=\"font-weight: 400;\"><br \/><\/span><span style=\"font-weight: 400;\">\u2022 Enviar comunicacions informatives o comercials relacionades amb els serveis, quan l\u2019usuari ho autoritzi<\/span><span style=\"font-weight: 400;\"><br \/><\/span><span style=\"font-weight: 400;\">\u2022 Analitzar l\u2019\u00fas del lloc web i millorar-ne el funcionament<\/span><\/li><\/ul><p>\u00a0<\/p><p><b>Legitimaci\u00f3 del tractament<\/b><\/p><ul><li><span style=\"font-weight: 400;\"> Consentiment de l\u2019usuari<\/span><span style=\"font-weight: 400;\"><br \/><\/span><span style=\"font-weight: 400;\">\u2022 Execuci\u00f3 de mesures precontractuals o contractuals<\/span><span style=\"font-weight: 400;\"><br \/><\/span><span style=\"font-weight: 400;\">\u2022 Inter\u00e8s leg\u00edtim del responsable en la gesti\u00f3 de relacions comercials i millora dels serveis<\/span><\/li><\/ul><p>\u00a0<\/p><p><b>Conservaci\u00f3 de les dades<\/b><\/p><p><span style=\"font-weight: 400;\">Les dades es conservaran mentre es mantingui la relaci\u00f3 amb l\u2019usuari o fins que se\u2019n sol\u00b7liciti la supressi\u00f3 i, posteriorment, durant els terminis legalment exigibles.<\/span><\/p><p>\u00a0<\/p><p><b>Destinataris<\/b><\/p><p><span style=\"font-weight: 400;\">No se cediran dades a tercers, excepte obligaci\u00f3 legal o prestadors de serveis estrictament necessaris per al funcionament del lloc web.<\/span><\/p><p>\u00a0<\/p><p><b>Drets de l\u2019usuari<\/b><\/p><p><span style=\"font-weight: 400;\">L\u2019usuari pot exercir els drets de:<\/span><\/p><ul><li><span style=\"font-weight: 400;\"> Acc\u00e9s<\/span><span style=\"font-weight: 400;\"><br \/><\/span><span style=\"font-weight: 400;\">\u2022 Rectificaci\u00f3<\/span><span style=\"font-weight: 400;\"><br \/><\/span><span style=\"font-weight: 400;\">\u2022 Supressi\u00f3<\/span><span style=\"font-weight: 400;\"><br \/><\/span><span style=\"font-weight: 400;\">\u2022 Oposici\u00f3<\/span><span style=\"font-weight: 400;\"><br \/><\/span><span style=\"font-weight: 400;\">\u2022 Limitaci\u00f3 del tractament<\/span><span style=\"font-weight: 400;\"><br \/><\/span><span style=\"font-weight: 400;\">\u2022 Portabilitat de les dades<\/span><span style=\"font-weight: 400;\"><br \/><\/span><span style=\"font-weight: 400;\">\u2022 Revocaci\u00f3 del consentiment<\/span><span style=\"font-weight: 400;\"><br \/><\/span><span style=\"font-weight: 400;\">\u2022 Presentaci\u00f3 de reclamaci\u00f3 davant l\u2019autoritat de control, l\u2019<\/span><b>Ag\u00e8ncia Espanyola de Protecci\u00f3 de Dades (<\/b><a href=\"http:\/\/www.aepd.es\/\"><b>www.aepd.es<\/b><\/a><b>)<\/b><\/li><\/ul><p>\u00a0<\/p><p><span style=\"font-weight: 400;\">Mitjan\u00e7ant comunicaci\u00f3 escrita a: <\/span><a href=\"mailto:informacion@cotacreativa.com\"><span style=\"font-weight: 400;\">informacion@cotacreativa.com<\/span><\/a><\/p>\t\t\t\t\t\t\t\t<\/div>\n\t\t\t\t<\/div>\n\t\t\t\t\t<\/div>\n\t\t\t\t<\/div>\n\t\t\t\t<\/div>\n\t\t","protected":false},"excerpt":{"rendered":"<p>Pol\u00edtica de privacitat Responsable del tractament ESTANDS I MONTATGES EFIMERS S.LCIF: B06814131Domicili: Carrer Mart\u00ed l\u2019Hum\u00e0 4-6-8, Local 7-B, 08850 Gav\u00e0 (Barcelona)Correu electr\u00f2nic: informacion@cotacreativa.com \u00a0 Dades personals tractades Les categories de dades que poden ser tractades s\u00f3n: Dades identificatives (nom i&#8230;<\/p>\n","protected":false},"author":2,"featured_media":0,"parent":0,"menu_order":0,"comment_status":"closed","ping_status":"closed","template":"elementor_header_footer","meta":{"footnotes":""},"class_list":["post-23520","page","type-page","status-publish","hentry"],"_links":{"self":[{"href":"https:\/\/cotacreativa.nivelzeta.com\/ca\/wp-json\/wp\/v2\/pages\/23520","targetHints":{"allow":["GET"]}}],"collection":[{"href":"https:\/\/cotacreativa.nivelzeta.com\/ca\/wp-json\/wp\/v2\/pages"}],"about":[{"href":"https:\/\/cotacreativa.nivelzeta.com\/ca\/wp-json\/wp\/v2\/types\/page"}],"author":[{"embeddable":true,"href":"https:\/\/cotacreativa.nivelzeta.com\/ca\/wp-json\/wp\/v2\/users\/2"}],"replies":[{"embeddable":true,"href":"https:\/\/cotacreativa.nivelzeta.com\/ca\/wp-json\/wp\/v2\/comments?post=23520"}],"version-history":[{"count":8,"href":"https:\/\/cotacreativa.nivelzeta.com\/ca\/wp-json\/wp\/v2\/pages\/23520\/revisions"}],"predecessor-version":[{"id":26003,"href":"https:\/\/cotacreativa.nivelzeta.com\/ca\/wp-json\/wp\/v2\/pages\/23520\/revisions\/26003"}],"wp:attachment":[{"href":"https:\/\/cotacreativa.nivelzeta.com\/ca\/wp-json\/wp\/v2\/media?parent=23520"}],"curies":[{"name":"wp","href":"https:\/\/api.w.org\/{rel}","templated":true}]}}