{"id":23516,"date":"2025-10-07T10:58:19","date_gmt":"2025-10-07T08:58:19","guid":{"rendered":"https:\/\/cotacreativa.nivelzeta.com\/politica-de-cookies\/"},"modified":"2026-02-08T21:00:07","modified_gmt":"2026-02-08T20:00:07","slug":"politica-de-cookies","status":"publish","type":"page","link":"https:\/\/cotacreativa.nivelzeta.com\/ca\/politica-de-cookies\/","title":{"rendered":"Pol\u00edtica de cookies"},"content":{"rendered":"\t\t<div data-elementor-type=\"wp-page\" data-elementor-id=\"23516\" class=\"elementor elementor-23516 elementor-15576\" data-elementor-post-type=\"page\">\n\t\t\t\t<div class=\"elementor-element elementor-element-7b2a9732 e-flex e-con-boxed e-con e-parent\" data-id=\"7b2a9732\" data-element_type=\"container\" data-settings=\"{&quot;background_background&quot;:&quot;classic&quot;}\">\n\t\t\t\t\t<div class=\"e-con-inner\">\n\t\t\t\t<div class=\"elementor-element elementor-element-67e0f115 elementor-widget elementor-widget-heading\" data-id=\"67e0f115\" data-element_type=\"widget\" data-widget_type=\"heading.default\">\n\t\t\t\t<div class=\"elementor-widget-container\">\n\t\t\t\t\t<h3 class=\"elementor-heading-title elementor-size-default\">Pol\u00edtica de cookies<\/h3>\t\t\t\t<\/div>\n\t\t\t\t<\/div>\n\t\t\t\t\t<\/div>\n\t\t\t\t<\/div>\n\t\t<div class=\"elementor-element elementor-element-bcce238 e-flex e-con-boxed e-con e-parent\" data-id=\"bcce238\" data-element_type=\"container\">\n\t\t\t\t\t<div class=\"e-con-inner\">\n\t\t\t\t<div class=\"elementor-element elementor-element-459b7dcd elementor-widget elementor-widget-text-editor\" data-id=\"459b7dcd\" data-element_type=\"widget\" data-widget_type=\"text-editor.default\">\n\t\t\t\t<div class=\"elementor-widget-container\">\n\t\t\t\t\t\t\t\t\t<p><b>Qu\u00e8 s\u00f3n les cookies<\/b><\/p><p><span style=\"font-weight: 400;\">Les cookies s\u00f3n petits fitxers de dades que s\u2019emmagatzemen al dispositiu de l\u2019usuari quan visita un lloc web, amb la finalitat de garantir el correcte funcionament del lloc, recordar prefer\u00e8ncies i obtenir informaci\u00f3 estad\u00edstica.<\/span><\/p><p><b>Tipus de cookies<\/b><\/p><ul><li><span style=\"font-weight: 400;\"> Cookies pr\u00f2pies i de tercers<\/span><span style=\"font-weight: 400;\"><br \/><\/span><span style=\"font-weight: 400;\">\u2022 Cookies t\u00e8cniques<\/span><span style=\"font-weight: 400;\"><br \/><\/span><span style=\"font-weight: 400;\">\u2022 Cookies d\u2019an\u00e0lisi<\/span><span style=\"font-weight: 400;\"><br \/><\/span><span style=\"font-weight: 400;\">\u2022 Cookies de personalitzaci\u00f3<\/span><\/li><\/ul><p><b>Cookies utilitzades pel lloc web<\/b><\/p><table><tbody><tr><td><p><b>Nom<\/b><\/p><\/td><td><p><b>Propietari<\/b><\/p><\/td><td><p><b>Duraci\u00f3<\/b><\/p><\/td><td><p><b>Tipus<\/b><\/p><\/td><td><p><b>Finalitat<\/b><\/p><\/td><\/tr><tr><td><p><b>_ga<\/b><\/p><\/td><td><p><span style=\"font-weight: 400;\">Google Analytics<\/span><\/p><\/td><td><p><span style=\"font-weight: 400;\">2 anys<\/span><\/p><\/td><td><p><span style=\"font-weight: 400;\">Anal\u00edtica<\/span><\/p><\/td><td><p><span style=\"font-weight: 400;\">Mesura d\u2019\u00fas del web<\/span><\/p><\/td><\/tr><tr><td><p><b>_gid<\/b><\/p><\/td><td><p><span style=\"font-weight: 400;\">Google Analytics<\/span><\/p><\/td><td><p><span style=\"font-weight: 400;\">24 h<\/span><\/p><\/td><td><p><span style=\"font-weight: 400;\">Anal\u00edtica<\/span><\/p><\/td><td><p><span style=\"font-weight: 400;\">Estad\u00edstiques<\/span><\/p><\/td><\/tr><tr><td><p><b>Cookies t\u00e8cniques<\/b><\/p><\/td><td><p><span style=\"font-weight: 400;\">Cota Creativa<\/span><\/p><\/td><td><p><span style=\"font-weight: 400;\">Sessi\u00f3<\/span><\/p><\/td><td><p><span style=\"font-weight: 400;\">T\u00e8cnica<\/span><\/p><\/td><td><p><span style=\"font-weight: 400;\">Funcionament del lloc<\/span><\/p><\/td><\/tr><\/tbody><\/table><p><b>Consentiment previ<\/b><\/p><ul><li style=\"font-weight: 400;\" aria-level=\"1\"><span style=\"font-weight: 400;\">Les cookies no necess\u00e0ries (anal\u00edtiques, de personalitzaci\u00f3 i de tercers) nom\u00e9s s\u2019activen despr\u00e9s del consentiment expl\u00edcit de l\u2019usuari mitjan\u00e7ant el b\u00e0ner inicial.<\/span><\/li><li style=\"font-weight: 400;\" aria-level=\"1\"><span style=\"font-weight: 400;\">L\u2019usuari pot acceptar, rebutjar o configurar les cookies en qualsevol moment.<\/span><\/li><li style=\"font-weight: 400;\" aria-level=\"1\"><span style=\"font-weight: 400;\">El rebuig de cookies no essencials no impedeix l\u2019acc\u00e9s al lloc, per\u00f2 pot limitar algunes funcionalitats.<\/span><\/li><\/ul><p><b>Gesti\u00f3 i configuraci\u00f3 de cookies<\/b><\/p><p><span style=\"font-weight: 400;\">L\u2019usuari pot gestionar les cookies mitjan\u00e7ant el gestor de consentiment disponible al b\u00e0ner inicial del lloc web o a trav\u00e9s de la configuraci\u00f3 del navegador, on pot eliminar o bloquejar cookies.\u00a0<\/span><\/p><p><span style=\"font-weight: 400;\">La desactivaci\u00f3 de cookies pot afectar al correcte funcionament del lloc web.<\/span><\/p><p><b>Cookies de tercers<\/b><\/p><p><span style=\"font-weight: 400;\">El nostre lloc utilitza Google Analytics, prestat per Google LLC.<\/span><\/p><ul><li style=\"font-weight: 400;\" aria-level=\"1\"><span style=\"font-weight: 400;\">Google pot tractar dades fora de la UE sota garanties adequades segons el RGPD.<\/span><\/li><li style=\"font-weight: 400;\" aria-level=\"1\"><span style=\"font-weight: 400;\">La informaci\u00f3 recollida s\u2019utilitza exclusivament amb finalitats estad\u00edstiques i mai per identificar personalment l\u2019usuari.<\/span><\/li><li style=\"font-weight: 400;\" aria-level=\"1\"><span style=\"font-weight: 400;\">Per a m\u00e9s informaci\u00f3, pots consultar la Pol\u00edtica de privacitat de Google.<\/span><\/li><\/ul><p><span style=\"font-weight: 400;\">Si s\u2019afegeixen cookies de publicitat o xarxes socials en el futur, nom\u00e9s s\u2019activaran despr\u00e9s del consentiment expl\u00edcit.<\/span><\/p><p><b>Durada de les cookies<\/b><\/p><ul><li style=\"font-weight: 400;\" aria-level=\"1\"><span style=\"font-weight: 400;\">Cookies de sessi\u00f3: s\u2019eliminen en tancar el navegador.<\/span><\/li><li style=\"font-weight: 400;\" aria-level=\"1\"><span style=\"font-weight: 400;\">Cookies anal\u00edtiques (_GA, _GID): entre 24 hores i 2 anys, segons el tipus.<\/span><\/li><li style=\"font-weight: 400;\" aria-level=\"1\"><span style=\"font-weight: 400;\">Cookies de personalitzaci\u00f3: segons la configuraci\u00f3 de l\u2019usuari.<\/span><\/li><\/ul><p><b>Revocaci\u00f3 i modificaci\u00f3 del consentiment<\/b><\/p><p><span style=\"font-weight: 400;\">L\u2019usuari pot revocar o modificar el seu consentiment en qualsevol moment mitjan\u00e7ant:<\/span><\/p><ul><li style=\"font-weight: 400;\" aria-level=\"1\"><span style=\"font-weight: 400;\">El gestor de cookies del lloc web<\/span><\/li><li style=\"font-weight: 400;\" aria-level=\"1\"><span style=\"font-weight: 400;\">La configuraci\u00f3 del navegador<\/span><\/li><li style=\"font-weight: 400;\" aria-level=\"1\"><span style=\"font-weight: 400;\">Contactant amb nosaltres a: <\/span><a href=\"mailto:informacion@cotacreativa.com\"><span style=\"font-weight: 400;\">informacion@cotacreativa.com<\/span><\/a><\/li><\/ul><p><b>Actualitzaci\u00f3 de la pol\u00edtica de cookies<\/b><\/p><p><span style=\"font-weight: 400;\">Aquesta pol\u00edtica pot actualitzar-se per adaptar-se a canvis normatius, t\u00e8cnics o funcionals. Es recomana revisar aquesta p\u00e0gina peri\u00f2dicament per estar informat de qualsevol canvi.<\/span><\/p><p><b>Contacte<\/b><\/p><p><span style=\"font-weight: 400;\">Per a qualsevol consulta relacionada amb la nostra pol\u00edtica de cookies o sobre el tractament de dades personals, pots contactar amb nosaltres a: <\/span><a href=\"mailto:informacion@cotacreativa.com\"><span style=\"font-weight: 400;\">informacion@cotacreativa.com<\/span><\/a><\/p>\t\t\t\t\t\t\t\t<\/div>\n\t\t\t\t<\/div>\n\t\t\t\t\t<\/div>\n\t\t\t\t<\/div>\n\t\t\t\t<\/div>\n\t\t","protected":false},"excerpt":{"rendered":"<p>Pol\u00edtica de cookies Qu\u00e8 s\u00f3n les cookies Les cookies s\u00f3n petits fitxers de dades que s\u2019emmagatzemen al dispositiu de l\u2019usuari quan visita un lloc web, amb la finalitat de garantir el correcte funcionament del lloc, recordar prefer\u00e8ncies i obtenir informaci\u00f3&#8230;<\/p>\n","protected":false},"author":2,"featured_media":0,"parent":0,"menu_order":0,"comment_status":"closed","ping_status":"closed","template":"elementor_header_footer","meta":{"footnotes":""},"class_list":["post-23516","page","type-page","status-publish","hentry"],"_links":{"self":[{"href":"https:\/\/cotacreativa.nivelzeta.com\/ca\/wp-json\/wp\/v2\/pages\/23516","targetHints":{"allow":["GET"]}}],"collection":[{"href":"https:\/\/cotacreativa.nivelzeta.com\/ca\/wp-json\/wp\/v2\/pages"}],"about":[{"href":"https:\/\/cotacreativa.nivelzeta.com\/ca\/wp-json\/wp\/v2\/types\/page"}],"author":[{"embeddable":true,"href":"https:\/\/cotacreativa.nivelzeta.com\/ca\/wp-json\/wp\/v2\/users\/2"}],"replies":[{"embeddable":true,"href":"https:\/\/cotacreativa.nivelzeta.com\/ca\/wp-json\/wp\/v2\/comments?post=23516"}],"version-history":[{"count":13,"href":"https:\/\/cotacreativa.nivelzeta.com\/ca\/wp-json\/wp\/v2\/pages\/23516\/revisions"}],"predecessor-version":[{"id":26981,"href":"https:\/\/cotacreativa.nivelzeta.com\/ca\/wp-json\/wp\/v2\/pages\/23516\/revisions\/26981"}],"wp:attachment":[{"href":"https:\/\/cotacreativa.nivelzeta.com\/ca\/wp-json\/wp\/v2\/media?parent=23516"}],"curies":[{"name":"wp","href":"https:\/\/api.w.org\/{rel}","templated":true}]}}