{"id":23496,"date":"2020-07-20T07:46:52","date_gmt":"2020-07-20T05:46:52","guid":{"rendered":"https:\/\/cotacreativa.nivelzeta.com\/blog\/"},"modified":"2026-01-28T10:23:59","modified_gmt":"2026-01-28T09:23:59","slug":"blog","status":"publish","type":"page","link":"https:\/\/cotacreativa.nivelzeta.com\/ca\/blog\/","title":{"rendered":"Blog"},"content":{"rendered":"\t\t<div data-elementor-type=\"wp-page\" data-elementor-id=\"23496\" class=\"elementor elementor-23496 elementor-13409\" data-elementor-post-type=\"page\">\n\t\t\t\t<div class=\"elementor-element elementor-element-b99db09 e-flex e-con-boxed e-con e-parent\" data-id=\"b99db09\" data-element_type=\"container\" data-settings=\"{&quot;background_background&quot;:&quot;classic&quot;}\">\n\t\t\t\t\t<div class=\"e-con-inner\">\n\t\t\t\t<div class=\"elementor-element elementor-element-30936f6 elementor-widget elementor-widget-heading\" data-id=\"30936f6\" data-element_type=\"widget\" data-widget_type=\"heading.default\">\n\t\t\t\t<div class=\"elementor-widget-container\">\n\t\t\t\t\t<h3 class=\"elementor-heading-title elementor-size-default\">Blog<\/h3>\t\t\t\t<\/div>\n\t\t\t\t<\/div>\n\t\t\t\t\t<\/div>\n\t\t\t\t<\/div>\n\t\t<div class=\"elementor-element elementor-element-a9ca8e7 e-flex e-con-boxed e-con e-parent\" data-id=\"a9ca8e7\" data-element_type=\"container\">\n\t\t\t\t\t<div class=\"e-con-inner\">\n\t\t\t\t<div class=\"elementor-element elementor-element-7ef8929 elementor-grid-3 elementor-grid-tablet-2 elementor-grid-mobile-1 elementor-posts--thumbnail-top elementor-widget elementor-widget-posts\" data-id=\"7ef8929\" data-element_type=\"widget\" data-settings=\"{&quot;pagination_type&quot;:&quot;numbers&quot;,&quot;classic_columns&quot;:&quot;3&quot;,&quot;classic_columns_tablet&quot;:&quot;2&quot;,&quot;classic_columns_mobile&quot;:&quot;1&quot;,&quot;classic_row_gap&quot;:{&quot;unit&quot;:&quot;px&quot;,&quot;size&quot;:35,&quot;sizes&quot;:[]},&quot;classic_row_gap_laptop&quot;:{&quot;unit&quot;:&quot;px&quot;,&quot;size&quot;:&quot;&quot;,&quot;sizes&quot;:[]},&quot;classic_row_gap_tablet&quot;:{&quot;unit&quot;:&quot;px&quot;,&quot;size&quot;:&quot;&quot;,&quot;sizes&quot;:[]},&quot;classic_row_gap_mobile&quot;:{&quot;unit&quot;:&quot;px&quot;,&quot;size&quot;:&quot;&quot;,&quot;sizes&quot;:[]}}\" data-widget_type=\"posts.classic\">\n\t\t\t\t<div class=\"elementor-widget-container\">\n\t\t\t\t\t\t\t<div class=\"elementor-posts-container elementor-posts elementor-posts--skin-classic elementor-grid\">\n\t\t\t\t<article class=\"elementor-post elementor-grid-item post-25900 post type-post status-publish format-standard has-post-thumbnail hentry category-sin-categorizar\">\n\t\t\t\t<a class=\"elementor-post__thumbnail__link\" href=\"https:\/\/cotacreativa.nivelzeta.com\/ca\/2025\/12\/09\/tipos-de-stands-segun-sus-caracteristicas\/\" tabindex=\"-1\" >\n\t\t\t<div class=\"elementor-post__thumbnail\"><img fetchpriority=\"high\" decoding=\"async\" width=\"300\" height=\"200\" src=\"https:\/\/cotacreativa.nivelzeta.com\/wp-content\/uploads\/2025\/12\/tipos-de-stands-segun-sus-caracteristicas-300x200.jpg\" class=\"attachment-medium size-medium wp-image-23400\" alt=\"\" srcset=\"https:\/\/cotacreativa.nivelzeta.com\/wp-content\/uploads\/2025\/12\/tipos-de-stands-segun-sus-caracteristicas-300x200.jpg 300w, https:\/\/cotacreativa.nivelzeta.com\/wp-content\/uploads\/2025\/12\/tipos-de-stands-segun-sus-caracteristicas-768x512.jpg 768w, https:\/\/cotacreativa.nivelzeta.com\/wp-content\/uploads\/2025\/12\/tipos-de-stands-segun-sus-caracteristicas.jpg 800w\" sizes=\"(max-width: 300px) 100vw, 300px\" \/><\/div>\n\t\t<\/a>\n\t\t\t\t<div class=\"elementor-post__text\">\n\t\t\t\t<h3 class=\"elementor-post__title\">\n\t\t\t<a href=\"https:\/\/cotacreativa.nivelzeta.com\/ca\/2025\/12\/09\/tipos-de-stands-segun-sus-caracteristicas\/\" >\n\t\t\t\tTipus d\u2019estands segons les seves caracter\u00edstiques\t\t\t<\/a>\n\t\t<\/h3>\n\t\t\t\t<div class=\"elementor-post__excerpt\">\n\t\t\t<p>Si participes en congressos i esdeveniments, res millor que destacar la teva marca guanyant m\u00e9s clients, seleccionant entre els diferents tipus d\u2019estands que millor s\u2019adaptin a les teves exig\u00e8ncies comercials. Quin tipus d\u2019estand escollir? Per comen\u00e7ar, has d\u2019escollir entre diversos<\/p>\n\t\t<\/div>\n\t\t\n\t\t<a class=\"elementor-post__read-more\" href=\"https:\/\/cotacreativa.nivelzeta.com\/ca\/2025\/12\/09\/tipos-de-stands-segun-sus-caracteristicas\/\" aria-label=\"Read more about Tipus d\u2019estands segons les seves caracter\u00edstiques\" tabindex=\"-1\" >\n\t\t\tLlegir m\u00e9s \u00bb\t\t<\/a>\n\n\t\t\t\t<\/div>\n\t\t\t\t<\/article>\n\t\t\t\t<article class=\"elementor-post elementor-grid-item post-25904 post type-post status-publish format-standard has-post-thumbnail hentry category-sin-categorizar\">\n\t\t\t\t<a class=\"elementor-post__thumbnail__link\" href=\"https:\/\/cotacreativa.nivelzeta.com\/ca\/2025\/12\/01\/cosmofarma-bolonia-2025-el-evento-lider-en-farmacia-y-cuidado-personal\/\" tabindex=\"-1\" >\n\t\t\t<div class=\"elementor-post__thumbnail\"><img decoding=\"async\" width=\"300\" height=\"200\" src=\"https:\/\/cotacreativa.nivelzeta.com\/wp-content\/uploads\/2025\/12\/SITO_BIGLIETTERIE-1-300x200.jpg\" class=\"attachment-medium size-medium wp-image-23396\" alt=\"\" srcset=\"https:\/\/cotacreativa.nivelzeta.com\/wp-content\/uploads\/2025\/12\/SITO_BIGLIETTERIE-1-300x200.jpg 300w, https:\/\/cotacreativa.nivelzeta.com\/wp-content\/uploads\/2025\/12\/SITO_BIGLIETTERIE-1-768x512.jpg 768w, https:\/\/cotacreativa.nivelzeta.com\/wp-content\/uploads\/2025\/12\/SITO_BIGLIETTERIE-1.jpg 1000w\" sizes=\"(max-width: 300px) 100vw, 300px\" \/><\/div>\n\t\t<\/a>\n\t\t\t\t<div class=\"elementor-post__text\">\n\t\t\t\t<h3 class=\"elementor-post__title\">\n\t\t\t<a href=\"https:\/\/cotacreativa.nivelzeta.com\/ca\/2025\/12\/01\/cosmofarma-bolonia-2025-el-evento-lider-en-farmacia-y-cuidado-personal\/\" >\n\t\t\t\tCosmofarma Bolonya 2025: l\u2019esdeveniment l\u00edder en farm\u00e0cia i cura personal\t\t\t<\/a>\n\t\t<\/h3>\n\t\t\t\t<div class=\"elementor-post__excerpt\">\n\t\t\t<p>La Cosmofarma Exhibition, la fira de refer\u00e8ncia del sector farmac\u00e8utic, dermocosm\u00e8tica i cura personal, torna a Bolonya el 2025 amb una edici\u00f3 centrada en innovaci\u00f3, digitalitzaci\u00f3 i noves tend\u00e8ncies en salut i benestar. Aquest esdeveniment reuneix farmac\u00e8utics, laboratoris, fabricants de<\/p>\n\t\t<\/div>\n\t\t\n\t\t<a class=\"elementor-post__read-more\" href=\"https:\/\/cotacreativa.nivelzeta.com\/ca\/2025\/12\/01\/cosmofarma-bolonia-2025-el-evento-lider-en-farmacia-y-cuidado-personal\/\" aria-label=\"Read more about Cosmofarma Bolonya 2025: l\u2019esdeveniment l\u00edder en farm\u00e0cia i cura personal\" tabindex=\"-1\" >\n\t\t\tLlegir m\u00e9s \u00bb\t\t<\/a>\n\n\t\t\t\t<\/div>\n\t\t\t\t<\/article>\n\t\t\t\t<article class=\"elementor-post elementor-grid-item post-25908 post type-post status-publish format-standard has-post-thumbnail hentry category-sin-categorizar\">\n\t\t\t\t<a class=\"elementor-post__thumbnail__link\" href=\"https:\/\/cotacreativa.nivelzeta.com\/ca\/2025\/12\/01\/iberzoo-propet-madrid-2025\/\" tabindex=\"-1\" >\n\t\t\t<div class=\"elementor-post__thumbnail\"><img decoding=\"async\" width=\"300\" height=\"200\" src=\"https:\/\/cotacreativa.nivelzeta.com\/wp-content\/uploads\/2025\/12\/1540430571449-1100x733-1-300x200.jpg\" class=\"attachment-medium size-medium wp-image-23394\" alt=\"\" srcset=\"https:\/\/cotacreativa.nivelzeta.com\/wp-content\/uploads\/2025\/12\/1540430571449-1100x733-1-300x200.jpg 300w, https:\/\/cotacreativa.nivelzeta.com\/wp-content\/uploads\/2025\/12\/1540430571449-1100x733-1-1024x682.jpg 1024w, https:\/\/cotacreativa.nivelzeta.com\/wp-content\/uploads\/2025\/12\/1540430571449-1100x733-1-768x512.jpg 768w, https:\/\/cotacreativa.nivelzeta.com\/wp-content\/uploads\/2025\/12\/1540430571449-1100x733-1.jpg 1100w\" sizes=\"(max-width: 300px) 100vw, 300px\" \/><\/div>\n\t\t<\/a>\n\t\t\t\t<div class=\"elementor-post__text\">\n\t\t\t\t<h3 class=\"elementor-post__title\">\n\t\t\t<a href=\"https:\/\/cotacreativa.nivelzeta.com\/ca\/2025\/12\/01\/iberzoo-propet-madrid-2025\/\" >\n\t\t\t\tIBERZOO PROPET Madrid 2025\t\t\t<\/a>\n\t\t<\/h3>\n\t\t\t\t<div class=\"elementor-post__excerpt\">\n\t\t\t<p>IBERZOO PROPET Madrid 2025 torna a IFEMA Madrid com l\u2019esdeveniment imprescindible per als professionals del sector de les mascotes. Aquesta fira anual reuneix fabricants, distribu\u00efdors, veterinaris, criadors i emprenedors del sector per presentar les \u00faltimes innovacions en productes, serveis i<\/p>\n\t\t<\/div>\n\t\t\n\t\t<a class=\"elementor-post__read-more\" href=\"https:\/\/cotacreativa.nivelzeta.com\/ca\/2025\/12\/01\/iberzoo-propet-madrid-2025\/\" aria-label=\"Read more about IBERZOO PROPET Madrid 2025\" tabindex=\"-1\" >\n\t\t\tLlegir m\u00e9s \u00bb\t\t<\/a>\n\n\t\t\t\t<\/div>\n\t\t\t\t<\/article>\n\t\t\t\t<article class=\"elementor-post elementor-grid-item post-25912 post type-post status-publish format-standard has-post-thumbnail hentry category-sin-categorizar\">\n\t\t\t\t<a class=\"elementor-post__thumbnail__link\" href=\"https:\/\/cotacreativa.nivelzeta.com\/ca\/2025\/12\/01\/diseno-y-montaje-de-stands-segun-sus-necesidades\/\" tabindex=\"-1\" >\n\t\t\t<div class=\"elementor-post__thumbnail\"><img loading=\"lazy\" decoding=\"async\" width=\"300\" height=\"225\" src=\"https:\/\/cotacreativa.nivelzeta.com\/wp-content\/uploads\/2025\/11\/2022_10_Sial_Paris_Costa-Food-1-300x225.jpg\" class=\"attachment-medium size-medium wp-image-23240\" alt=\"\" srcset=\"https:\/\/cotacreativa.nivelzeta.com\/wp-content\/uploads\/2025\/11\/2022_10_Sial_Paris_Costa-Food-1-300x225.jpg 300w, https:\/\/cotacreativa.nivelzeta.com\/wp-content\/uploads\/2025\/11\/2022_10_Sial_Paris_Costa-Food-1.jpg 559w\" sizes=\"(max-width: 300px) 100vw, 300px\" \/><\/div>\n\t\t<\/a>\n\t\t\t\t<div class=\"elementor-post__text\">\n\t\t\t\t<h3 class=\"elementor-post__title\">\n\t\t\t<a href=\"https:\/\/cotacreativa.nivelzeta.com\/ca\/2025\/12\/01\/diseno-y-montaje-de-stands-segun-sus-necesidades\/\" >\n\t\t\t\tDisseny i muntatge d\u2019estands segons les teves necessitats\t\t\t<\/a>\n\t\t<\/h3>\n\t\t\t\t<div class=\"elementor-post__excerpt\">\n\t\t\t<p>Quan ens confies la creaci\u00f3 del teu estand, nosaltres ens integrem com una extensi\u00f3 del teu equip corporatiu. Et proporcionarem un tractament complet i personalitzat durant tot el proc\u00e9s, des del concepte de disseny fins al muntatge final perqu\u00e8 adapti<\/p>\n\t\t<\/div>\n\t\t\n\t\t<a class=\"elementor-post__read-more\" href=\"https:\/\/cotacreativa.nivelzeta.com\/ca\/2025\/12\/01\/diseno-y-montaje-de-stands-segun-sus-necesidades\/\" aria-label=\"Read more about Disseny i muntatge d\u2019estands segons les teves necessitats\" tabindex=\"-1\" >\n\t\t\tLlegir m\u00e9s \u00bb\t\t<\/a>\n\n\t\t\t\t<\/div>\n\t\t\t\t<\/article>\n\t\t\t\t<article class=\"elementor-post elementor-grid-item post-25916 post type-post status-publish format-standard has-post-thumbnail hentry category-sin-categorizar\">\n\t\t\t\t<a class=\"elementor-post__thumbnail__link\" href=\"https:\/\/cotacreativa.nivelzeta.com\/ca\/2025\/12\/01\/ip-madrid-2025-la-feria-de-innovacion-para-la-hosteleria\/\" tabindex=\"-1\" >\n\t\t\t<div class=\"elementor-post__thumbnail\"><img loading=\"lazy\" decoding=\"async\" width=\"215\" height=\"300\" src=\"https:\/\/cotacreativa.nivelzeta.com\/wp-content\/uploads\/2025\/12\/zona-expo-215x300.png\" class=\"attachment-medium size-medium wp-image-23392\" alt=\"\" srcset=\"https:\/\/cotacreativa.nivelzeta.com\/wp-content\/uploads\/2025\/12\/zona-expo-215x300.png 215w, https:\/\/cotacreativa.nivelzeta.com\/wp-content\/uploads\/2025\/12\/zona-expo.png 458w\" sizes=\"(max-width: 215px) 100vw, 215px\" \/><\/div>\n\t\t<\/a>\n\t\t\t\t<div class=\"elementor-post__text\">\n\t\t\t\t<h3 class=\"elementor-post__title\">\n\t\t\t<a href=\"https:\/\/cotacreativa.nivelzeta.com\/ca\/2025\/12\/01\/ip-madrid-2025-la-feria-de-innovacion-para-la-hosteleria\/\" >\n\t\t\t\tHIP Madrid 2025 \u2013 La fira d\u2019innovaci\u00f3 per a l\u2019hostaleria\t\t\t<\/a>\n\t\t<\/h3>\n\t\t\t\t<div class=\"elementor-post__excerpt\">\n\t\t\t<p>La HIP Madrid 2025 (Hospitality Innovation Planet) torna a Madrid com l\u2019esdeveniment de refer\u00e8ncia del sector de l\u2019hostaleria, centrant-se en innovaci\u00f3, tend\u00e8ncies i tecnologia aplicades a la restauraci\u00f3, hotels i serveis gastronomics. Celebrat a IFEMA Madrid, aquest salon professional reuneix<\/p>\n\t\t<\/div>\n\t\t\n\t\t<a class=\"elementor-post__read-more\" href=\"https:\/\/cotacreativa.nivelzeta.com\/ca\/2025\/12\/01\/ip-madrid-2025-la-feria-de-innovacion-para-la-hosteleria\/\" aria-label=\"Read more about HIP Madrid 2025 \u2013 La fira d\u2019innovaci\u00f3 per a l\u2019hostaleria\" tabindex=\"-1\" >\n\t\t\tLlegir m\u00e9s \u00bb\t\t<\/a>\n\n\t\t\t\t<\/div>\n\t\t\t\t<\/article>\n\t\t\t\t<article class=\"elementor-post elementor-grid-item post-25920 post type-post status-publish format-standard has-post-thumbnail hentry category-sin-categorizar\">\n\t\t\t\t<a class=\"elementor-post__thumbnail__link\" href=\"https:\/\/cotacreativa.nivelzeta.com\/ca\/2025\/12\/01\/habitat-valencia\/\" tabindex=\"-1\" >\n\t\t\t<div class=\"elementor-post__thumbnail\"><img loading=\"lazy\" decoding=\"async\" width=\"300\" height=\"200\" src=\"https:\/\/cotacreativa.nivelzeta.com\/wp-content\/uploads\/2025\/12\/habitat-valencia-cotacreativa-300x200.jpg\" class=\"attachment-medium size-medium wp-image-23390\" alt=\"\" srcset=\"https:\/\/cotacreativa.nivelzeta.com\/wp-content\/uploads\/2025\/12\/habitat-valencia-cotacreativa-300x200.jpg 300w, https:\/\/cotacreativa.nivelzeta.com\/wp-content\/uploads\/2025\/12\/habitat-valencia-cotacreativa-1024x683.jpg 1024w, https:\/\/cotacreativa.nivelzeta.com\/wp-content\/uploads\/2025\/12\/habitat-valencia-cotacreativa-768x512.jpg 768w, https:\/\/cotacreativa.nivelzeta.com\/wp-content\/uploads\/2025\/12\/habitat-valencia-cotacreativa.jpg 1080w\" sizes=\"(max-width: 300px) 100vw, 300px\" \/><\/div>\n\t\t<\/a>\n\t\t\t\t<div class=\"elementor-post__text\">\n\t\t\t\t<h3 class=\"elementor-post__title\">\n\t\t\t<a href=\"https:\/\/cotacreativa.nivelzeta.com\/ca\/2025\/12\/01\/habitat-valencia\/\" >\n\t\t\t\tHabitat Valencia\t\t\t<\/a>\n\t\t<\/h3>\n\t\t\t\t<div class=\"elementor-post__excerpt\">\n\t\t\t<p>Entre els dies **17 i 20 d\u2019aquest mes de setembre se celebrar\u00e0 a Val\u00e8ncia H\u00e1bitat\u201919, aut\u00e8ntic aparador del sector espanyol del moble, la il\u00b7luminaci\u00f3 i la decoraci\u00f3. En ell tindran lloc, simult\u00e0niament, la 55a Fira Internacional del Moble, la 52a<\/p>\n\t\t<\/div>\n\t\t\n\t\t<a class=\"elementor-post__read-more\" href=\"https:\/\/cotacreativa.nivelzeta.com\/ca\/2025\/12\/01\/habitat-valencia\/\" aria-label=\"Read more about Habitat Valencia\" tabindex=\"-1\" >\n\t\t\tLlegir m\u00e9s \u00bb\t\t<\/a>\n\n\t\t\t\t<\/div>\n\t\t\t\t<\/article>\n\t\t\t\t<\/div>\n\t\t\n\t\t\t\t<div class=\"e-load-more-anchor\" data-page=\"1\" data-max-page=\"4\" data-next-page=\"https:\/\/cotacreativa.nivelzeta.com\/ca\/wp-json\/wp\/v2\/pages\/23496\/page\/2\/\"><\/div>\n\t\t\t\t<nav class=\"elementor-pagination\" aria-label=\"Paginaci\u00f3\">\n\t\t\t<span aria-current=\"page\" class=\"page-numbers current\"><span class=\"elementor-screen-only\">P\u00e0gina<\/span>1<\/span>\n<a class=\"page-numbers\" href=\"https:\/\/cotacreativa.nivelzeta.com\/ca\/wp-json\/wp\/v2\/pages\/23496\/page\/2\/\"><span class=\"elementor-screen-only\">P\u00e0gina<\/span>2<\/a>\n<a class=\"page-numbers\" href=\"https:\/\/cotacreativa.nivelzeta.com\/ca\/wp-json\/wp\/v2\/pages\/23496\/page\/3\/\"><span class=\"elementor-screen-only\">P\u00e0gina<\/span>3<\/a>\n<a class=\"page-numbers\" href=\"https:\/\/cotacreativa.nivelzeta.com\/ca\/wp-json\/wp\/v2\/pages\/23496\/page\/4\/\"><span class=\"elementor-screen-only\">P\u00e0gina<\/span>4<\/a>\t\t<\/nav>\n\t\t\t\t\t\t<\/div>\n\t\t\t\t<\/div>\n\t\t\t\t\t<\/div>\n\t\t\t\t<\/div>\n\t\t\t\t<\/div>\n\t\t","protected":false},"excerpt":{"rendered":"<p>Blog<\/p>\n","protected":false},"author":2,"featured_media":0,"parent":0,"menu_order":0,"comment_status":"closed","ping_status":"closed","template":"","meta":{"footnotes":""},"class_list":["post-23496","page","type-page","status-publish","hentry"],"_links":{"self":[{"href":"https:\/\/cotacreativa.nivelzeta.com\/ca\/wp-json\/wp\/v2\/pages\/23496","targetHints":{"allow":["GET"]}}],"collection":[{"href":"https:\/\/cotacreativa.nivelzeta.com\/ca\/wp-json\/wp\/v2\/pages"}],"about":[{"href":"https:\/\/cotacreativa.nivelzeta.com\/ca\/wp-json\/wp\/v2\/types\/page"}],"author":[{"embeddable":true,"href":"https:\/\/cotacreativa.nivelzeta.com\/ca\/wp-json\/wp\/v2\/users\/2"}],"replies":[{"embeddable":true,"href":"https:\/\/cotacreativa.nivelzeta.com\/ca\/wp-json\/wp\/v2\/comments?post=23496"}],"version-history":[{"count":7,"href":"https:\/\/cotacreativa.nivelzeta.com\/ca\/wp-json\/wp\/v2\/pages\/23496\/revisions"}],"predecessor-version":[{"id":26462,"href":"https:\/\/cotacreativa.nivelzeta.com\/ca\/wp-json\/wp\/v2\/pages\/23496\/revisions\/26462"}],"wp:attachment":[{"href":"https:\/\/cotacreativa.nivelzeta.com\/ca\/wp-json\/wp\/v2\/media?parent=23496"}],"curies":[{"name":"wp","href":"https:\/\/api.w.org\/{rel}","templated":true}]}}