{"id":23492,"date":"2025-10-07T10:57:29","date_gmt":"2025-10-07T08:57:29","guid":{"rendered":"https:\/\/cotacreativa.nivelzeta.com\/aviso-legal\/"},"modified":"2026-01-27T12:20:28","modified_gmt":"2026-01-27T11:20:28","slug":"aviso-legal","status":"publish","type":"page","link":"https:\/\/cotacreativa.nivelzeta.com\/ca\/aviso-legal\/","title":{"rendered":"Av\u00eds legal"},"content":{"rendered":"\t\t<div data-elementor-type=\"wp-page\" data-elementor-id=\"23492\" class=\"elementor elementor-23492 elementor-15573\" data-elementor-post-type=\"page\">\n\t\t\t\t<div class=\"elementor-element elementor-element-78613af e-flex e-con-boxed e-con e-parent\" data-id=\"78613af\" data-element_type=\"container\" data-settings=\"{&quot;background_background&quot;:&quot;classic&quot;}\">\n\t\t\t\t\t<div class=\"e-con-inner\">\n\t\t\t\t<div class=\"elementor-element elementor-element-026538f elementor-widget elementor-widget-heading\" data-id=\"026538f\" data-element_type=\"widget\" data-widget_type=\"heading.default\">\n\t\t\t\t<div class=\"elementor-widget-container\">\n\t\t\t\t\t<h3 class=\"elementor-heading-title elementor-size-default\">Av\u00eds legal<\/h3>\t\t\t\t<\/div>\n\t\t\t\t<\/div>\n\t\t\t\t\t<\/div>\n\t\t\t\t<\/div>\n\t\t<div class=\"elementor-element elementor-element-aa5d515 e-flex e-con-boxed e-con e-parent\" data-id=\"aa5d515\" data-element_type=\"container\">\n\t\t\t\t\t<div class=\"e-con-inner\">\n\t\t\t\t<div class=\"elementor-element elementor-element-fca96d7 elementor-widget elementor-widget-text-editor\" data-id=\"fca96d7\" data-element_type=\"widget\" data-widget_type=\"text-editor.default\">\n\t\t\t\t<div class=\"elementor-widget-container\">\n\t\t\t\t\t\t\t\t\t<p><span style=\"font-weight: 400;\">En compliment de la Llei 34\/2002, d\u201911 de juliol, de serveis de la societat de la informaci\u00f3 i de comer\u00e7 electr\u00f2nic (LSSICE), es posen a disposici\u00f3 de l\u2019usuari les dades identificatives del titular del lloc web:<\/span><\/p><p><b>Denominaci\u00f3 social:<\/b><span style=\"font-weight: 400;\"> ESTANDS I MONTATGES EFIMERS S.L<\/span><span style=\"font-weight: 400;\"><br \/><\/span><b>Marca comercial:<\/b><span style=\"font-weight: 400;\"> Cota Creativa<\/span><span style=\"font-weight: 400;\"><br \/><\/span><b>Domicili social:<\/b><span style=\"font-weight: 400;\"> Carrer Mart\u00ed l\u2019Hum\u00e0 4-6-8, Local 7-B, 08850 Gav\u00e0 (Barcelona)<\/span><span style=\"font-weight: 400;\"><br \/><\/span><b>CIF:<\/b><span style=\"font-weight: 400;\"> B06814131<\/span><span style=\"font-weight: 400;\"><br \/><\/span><b>Tel\u00e8fon:<\/b><span style=\"font-weight: 400;\"> (+34) 935 756 654<\/span><span style=\"font-weight: 400;\"><br \/><\/span><b>Correu electr\u00f2nic:<\/b> <a href=\"mailto:informacion@cotacreativa.com\"><span style=\"font-weight: 400;\">informacion@cotacreativa.com<\/span><\/a><\/p><p><b>Dades d\u2019inscripci\u00f3 registral:<\/b><span style=\"font-weight: 400;\"><br \/><\/span><span style=\"font-weight: 400;\">Societat inscrita en el <\/span><b>Registre Mercantil de Barcelona<\/b><span style=\"font-weight: 400;\">,<\/span><span style=\"font-weight: 400;\"><br \/><\/span><b>Tomo:<\/b><span style=\"font-weight: 400;\"> 48032<\/span><span style=\"font-weight: 400;\"><br \/><\/span><b>Folio:<\/b><span style=\"font-weight: 400;\"> 38<\/span><span style=\"font-weight: 400;\"><br \/><\/span><b>Hoja:<\/b><span style=\"font-weight: 400;\"> B-570072<\/span><span style=\"font-weight: 400;\"><br \/><\/span><b>Inscripci\u00f3:<\/b><span style=\"font-weight: 400;\"> 1\u00aa<\/span><\/p><p><span style=\"font-weight: 400;\">L\u2019acc\u00e9s i \u00fas del present lloc web atribueix la condici\u00f3 d\u2019usuari i implica l\u2019acceptaci\u00f3 plena de les condicions incloses en aquest av\u00eds legal.<\/span><\/p>\t\t\t\t\t\t\t\t<\/div>\n\t\t\t\t<\/div>\n\t\t\t\t\t<\/div>\n\t\t\t\t<\/div>\n\t\t\t\t<\/div>\n\t\t","protected":false},"excerpt":{"rendered":"<p>Av\u00eds legal En compliment de la Llei 34\/2002, d\u201911 de juliol, de serveis de la societat de la informaci\u00f3 i de comer\u00e7 electr\u00f2nic (LSSICE), es posen a disposici\u00f3 de l\u2019usuari les dades identificatives del titular del lloc web: Denominaci\u00f3 social:&#8230;<\/p>\n","protected":false},"author":2,"featured_media":0,"parent":0,"menu_order":0,"comment_status":"closed","ping_status":"closed","template":"elementor_header_footer","meta":{"footnotes":""},"class_list":["post-23492","page","type-page","status-publish","hentry"],"_links":{"self":[{"href":"https:\/\/cotacreativa.nivelzeta.com\/ca\/wp-json\/wp\/v2\/pages\/23492","targetHints":{"allow":["GET"]}}],"collection":[{"href":"https:\/\/cotacreativa.nivelzeta.com\/ca\/wp-json\/wp\/v2\/pages"}],"about":[{"href":"https:\/\/cotacreativa.nivelzeta.com\/ca\/wp-json\/wp\/v2\/types\/page"}],"author":[{"embeddable":true,"href":"https:\/\/cotacreativa.nivelzeta.com\/ca\/wp-json\/wp\/v2\/users\/2"}],"replies":[{"embeddable":true,"href":"https:\/\/cotacreativa.nivelzeta.com\/ca\/wp-json\/wp\/v2\/comments?post=23492"}],"version-history":[{"count":14,"href":"https:\/\/cotacreativa.nivelzeta.com\/ca\/wp-json\/wp\/v2\/pages\/23492\/revisions"}],"predecessor-version":[{"id":25997,"href":"https:\/\/cotacreativa.nivelzeta.com\/ca\/wp-json\/wp\/v2\/pages\/23492\/revisions\/25997"}],"wp:attachment":[{"href":"https:\/\/cotacreativa.nivelzeta.com\/ca\/wp-json\/wp\/v2\/media?parent=23492"}],"curies":[{"name":"wp","href":"https:\/\/api.w.org\/{rel}","templated":true}]}}